{"id":46,"date":"2024-10-18T17:10:16","date_gmt":"2024-10-18T17:10:16","guid":{"rendered":"https:\/\/antras-institute.com\/?page_id=46"},"modified":"2024-12-05T20:39:39","modified_gmt":"2024-12-05T19:39:39","slug":"impress","status":"publish","type":"page","link":"https:\/\/antras-institute.com\/en\/impress\/","title":{"rendered":"Impress"},"content":{"rendered":"<p>[et_pb_section fb_built=&#8220;1&#8243; admin_label=&#8220;Hero&#8220; _builder_version=&#8220;4.17.6&#8243; _module_preset=&#8220;default&#8220; locked=&#8220;off&#8220; collapsed=&#8220;on&#8220; global_colors_info=&#8220;{}&#8220;][et_pb_row column_structure=&#8220;3_5,2_5&#8243; _builder_version=&#8220;4.17.6&#8243; _module_preset=&#8220;5138c454-be54-4233-bd3b-f8e6a8747976&#8243; global_colors_info=&#8220;{}&#8220;][et_pb_column type=&#8220;3_5&#8243; _builder_version=&#8220;4.16&#8243; _module_preset=&#8220;73121f80-a3ef-4484-8763-c3f18e3c56d2&#8243; global_colors_info=&#8220;{}&#8220;][et_pb_heading title=&#8220;Compromiso Total con la Transparencia&#8220; _builder_version=&#8220;4.24.2&#8243; _module_preset=&#8220;ddeb8c09-9078-4424-bc15-2efb6572e28e&#8220; title_font=&#8220;Cormorant Garamond|Cormorant Garamond_weight|||||||&#8220; title_text_color=&#8220;#111111&#8243; title_font_size=&#8220;72px&#8220; title_line_height=&#8220;1.15em&#8220; title_font_size_tablet=&#8220;40px&#8220; title_font_size_phone=&#8220;24px&#8220; title_font_size_last_edited=&#8220;on|phone&#8220; locked=&#8220;off&#8220; global_colors_info=&#8220;{}&#8220;][\/et_pb_heading][\/et_pb_column][et_pb_column type=&#8220;2_5&#8243; _builder_version=&#8220;4.16&#8243; _module_preset=&#8220;73121f80-a3ef-4484-8763-c3f18e3c56d2&#8243; global_colors_info=&#8220;{}&#8220;][et_pb_heading title=&#8220;\u00danete a Nuestra Misi\u00f3n de Claridad&#8220; _builder_version=&#8220;4.24.3&#8243; _module_preset=&#8220;ba4a6336-701f-47b8-bf5c-09da0ce28016&#8243; title_level=&#8220;h3&#8243; title_font=&#8220;Cormorant Garamond|Cormorant Garamond_weight|||||||&#8220; title_text_color=&#8220;#111111&#8243; title_font_size=&#8220;32px&#8220; title_line_height=&#8220;1.3em&#8220; custom_margin=&#8220;||10px||false|false&#8220; title_font_size_tablet=&#8220;22px&#8220; title_font_size_phone=&#8220;17px&#8220; title_font_size_last_edited=&#8220;on|phone&#8220; locked=&#8220;off&#8220; global_colors_info=&#8220;{}&#8220;][\/et_pb_heading][et_pb_text quote_border_color=&#8220;#0077b6&#8243; _builder_version=&#8220;4.27.2&#8243; _module_preset=&#8220;2c55a9c4-feed-423b-9edb-ae0b5b365cac&#8220; text_font=&#8220;Proza Libre|Proza Libre_weight|||||||&#8220; text_text_color=&#8220;rgba(0,0,0,0.64)&#8220; text_font_size=&#8220;16px&#8220; text_line_height=&#8220;1.75em&#8220; link_font=&#8220;|Proza Libre_weight|||||||&#8220; link_text_color=&#8220;#03045e&#8220; quote_font=&#8220;Cormorant Garamond|Cormorant Garamond_weight|||||||&#8220; quote_text_color=&#8220;#111111&#8243; header_font=&#8220;Cormorant Garamond|Cormorant Garamond_weight|||||||&#8220; header_text_color=&#8220;#111111&#8243; header_font_size=&#8220;72px&#8220; header_line_height=&#8220;1.15em&#8220; header_2_font=&#8220;Cormorant Garamond|Cormorant Garamond_weight|||||||&#8220; header_2_text_color=&#8220;#111111&#8243; header_2_font_size=&#8220;50px&#8220; header_2_line_height=&#8220;1.2em&#8220; header_3_font=&#8220;Cormorant Garamond|Cormorant Garamond_weight|||||||&#8220; header_3_text_color=&#8220;#111111&#8243; header_3_font_size=&#8220;32px&#8220; header_3_line_height=&#8220;1.3em&#8220; header_4_font=&#8220;Cormorant Garamond|Cormorant Garamond_weight|||||||&#8220; header_4_text_color=&#8220;#111111&#8243; header_4_font_size=&#8220;24px&#8220; header_4_line_height=&#8220;1.4em&#8220; header_5_font=&#8220;Cormorant Garamond|Cormorant Garamond_weight|||||||&#8220; header_5_text_color=&#8220;#111111&#8243; header_5_font_size=&#8220;18px&#8220; header_5_line_height=&#8220;1.4em&#8220; header_6_font=&#8220;Cormorant Garamond|Cormorant Garamond_weight|||||||&#8220; header_6_text_color=&#8220;#111111&#8243; header_6_line_height=&#8220;1.5em&#8220; custom_margin=&#8220;||||false|false&#8220; text_font_size_tablet=&#8220;15px&#8220; text_font_size_phone=&#8220;14px&#8220; text_font_size_last_edited=&#8220;on|phone&#8220; header_font_size_tablet=&#8220;40px&#8220; header_font_size_phone=&#8220;24px&#8220; header_font_size_last_edited=&#8220;on|desktop&#8220; header_2_font_size_tablet=&#8220;28px&#8220; header_2_font_size_phone=&#8220;20px&#8220; header_2_font_size_last_edited=&#8220;on|phone&#8220; header_3_font_size_tablet=&#8220;22px&#8220; header_3_font_size_phone=&#8220;17px&#8220; header_3_font_size_last_edited=&#8220;on|phone&#8220; header_4_font_size_tablet=&#8220;18px&#8220; header_4_font_size_phone=&#8220;15px&#8220; header_4_font_size_last_edited=&#8220;on|tablet&#8220; header_5_font_size_tablet=&#8220;15px&#8220; header_5_font_size_phone=&#8220;14px&#8220; header_5_font_size_last_edited=&#8220;on|desktop&#8220; header_6_font_size_tablet=&#8220;13px&#8220; header_6_font_size_phone=&#8220;13px&#8220; header_6_font_size_last_edited=&#8220;on|desktop&#8220; locked=&#8220;off&#8220; global_colors_info=&#8220;{}&#8220;]<\/p>\n<p>En Antr\u00e0s Institute, creemos que la transparencia es la clave para construir relaciones de confianza y \u00e9xito duradero. Descubre c\u00f3mo lideramos con integridad.<\/p>\n<p>[\/et_pb_text][\/et_pb_column][\/et_pb_row][et_pb_row _builder_version=&#8220;4.17.6&#8243; _module_preset=&#8220;5138c454-be54-4233-bd3b-f8e6a8747976&#8243; global_colors_info=&#8220;{}&#8220;][et_pb_column type=&#8220;4_4&#8243; _builder_version=&#8220;4.16&#8243; _module_preset=&#8220;73121f80-a3ef-4484-8763-c3f18e3c56d2&#8243; global_colors_info=&#8220;{}&#8220;][et_pb_image src=&#8220;https:\/\/antras-institute.com\/wp-content\/uploads\/2024\/10\/0-afa422d7-2de3-4ae3-b880-87b176580a33-1080&#215;600-1.jpg&#8220; title_text=&#8220;1080&#215;600&#8243; _builder_version=&#8220;4.25.2&#8243; _module_preset=&#8220;6ed8fd5c-62c5-4100-98c3-7b8b6d2c2ee6&#8243; border_radii=&#8220;on|6px|6px|6px|6px&#8220; box_shadow_style=&#8220;preset4&#8243; box_shadow_horizontal=&#8220;0px&#8220; box_shadow_vertical=&#8220;24px&#8220; box_shadow_blur=&#8220;72px&#8220; box_shadow_spread=&#8220;-12px&#8220; box_shadow_color=&#8220;rgba(0,0,0,0.12)&#8220; global_colors_info=&#8220;{}&#8220;][\/et_pb_image][\/et_pb_column][\/et_pb_row][\/et_pb_section][et_pb_section fb_built=&#8220;1&#8243; admin_label=&#8220;Textos Legales&#8220; _builder_version=&#8220;4.25.1&#8243; _module_preset=&#8220;default&#8220; locked=&#8220;off&#8220; collapsed=&#8220;off&#8220; global_colors_info=&#8220;{}&#8220;][et_pb_row _builder_version=&#8220;4.25.1&#8243; _module_preset=&#8220;default&#8220; global_colors_info=&#8220;{}&#8220;][et_pb_column type=&#8220;4_4&#8243; _builder_version=&#8220;4.25.1&#8243; _module_preset=&#8220;default&#8220; global_colors_info=&#8220;{}&#8220;][et_pb_heading title=&#8220;Impress&#8220; _builder_version=&#8220;4.27.2&#8243; _module_preset=&#8220;c33f07d9-41e0-421a-8799-5799df695cce&#8220; title_level=&#8220;h2&#8243; title_font=&#8220;Cormorant Garamond|Cormorant Garamond_weight|||||||&#8220; title_text_color=&#8220;#111111&#8243; title_font_size=&#8220;50px&#8220; title_line_height=&#8220;1.2em&#8220; custom_margin=&#8220;||10px||false|false&#8220; title_font_size_tablet=&#8220;28px&#8220; title_font_size_phone=&#8220;20px&#8220; title_font_size_last_edited=&#8220;on|phone&#8220; global_colors_info=&#8220;{}&#8220;][\/et_pb_heading][\/et_pb_column][\/et_pb_row][et_pb_row _builder_version=&#8220;4.27.2&#8243; _module_preset=&#8220;default&#8220; custom_margin=&#8220;||||false|false&#8220; custom_padding=&#8220;||||false|false&#8220; global_colors_info=&#8220;{}&#8220;][et_pb_column type=&#8220;4_4&#8243; _builder_version=&#8220;4.25.1&#8243; _module_preset=&#8220;default&#8220; global_colors_info=&#8220;{}&#8220;][et_pb_text quote_border_color=&#8220;#0077b6&#8243; _builder_version=&#8220;4.27.3&#8243; _module_preset=&#8220;2c55a9c4-feed-423b-9edb-ae0b5b365cac&#8220; text_font=&#8220;Proza Libre|Proza Libre_weight|||||||&#8220; text_text_color=&#8220;rgba(0,0,0,0.64)&#8220; text_font_size=&#8220;16px&#8220; text_line_height=&#8220;1.75em&#8220; link_font=&#8220;|Proza Libre_weight|||||||&#8220; link_text_color=&#8220;#03045e&#8220; quote_font=&#8220;Cormorant Garamond|Cormorant Garamond_weight|||||||&#8220; quote_text_color=&#8220;#111111&#8243; header_font=&#8220;Cormorant Garamond|Cormorant Garamond_weight|||||||&#8220; header_text_color=&#8220;#111111&#8243; header_font_size=&#8220;72px&#8220; header_line_height=&#8220;1.15em&#8220; header_2_font=&#8220;Cormorant Garamond|Cormorant Garamond_weight|||||||&#8220; header_2_text_color=&#8220;#111111&#8243; header_2_font_size=&#8220;50px&#8220; header_2_line_height=&#8220;1.2em&#8220; header_3_font=&#8220;Cormorant Garamond|Cormorant Garamond_weight|||||||&#8220; header_3_text_color=&#8220;#111111&#8243; header_3_font_size=&#8220;32px&#8220; header_3_line_height=&#8220;1.3em&#8220; header_4_font=&#8220;Cormorant Garamond|Cormorant Garamond_weight|||||||&#8220; header_4_text_color=&#8220;#111111&#8243; header_4_font_size=&#8220;24px&#8220; header_4_line_height=&#8220;1.4em&#8220; header_5_font=&#8220;Cormorant Garamond|Cormorant Garamond_weight|||||||&#8220; header_5_text_color=&#8220;#111111&#8243; header_5_font_size=&#8220;18px&#8220; header_5_line_height=&#8220;1.4em&#8220; header_6_font=&#8220;Cormorant Garamond|Cormorant Garamond_weight|||||||&#8220; header_6_text_color=&#8220;#111111&#8243; header_6_line_height=&#8220;1.5em&#8220; custom_margin=&#8220;||||false|false&#8220; hover_enabled=&#8220;0&#8243; text_font_size_tablet=&#8220;15px&#8220; text_font_size_phone=&#8220;14px&#8220; text_font_size_last_edited=&#8220;on|phone&#8220; header_font_size_tablet=&#8220;40px&#8220; header_font_size_phone=&#8220;24px&#8220; header_font_size_last_edited=&#8220;on|desktop&#8220; header_2_font_size_tablet=&#8220;28px&#8220; header_2_font_size_phone=&#8220;20px&#8220; header_2_font_size_last_edited=&#8220;on|phone&#8220; header_3_font_size_tablet=&#8220;22px&#8220; header_3_font_size_phone=&#8220;17px&#8220; header_3_font_size_last_edited=&#8220;on|phone&#8220; header_4_font_size_tablet=&#8220;18px&#8220; header_4_font_size_phone=&#8220;15px&#8220; header_4_font_size_last_edited=&#8220;on|tablet&#8220; header_5_font_size_tablet=&#8220;15px&#8220; header_5_font_size_phone=&#8220;14px&#8220; header_5_font_size_last_edited=&#8220;on|desktop&#8220; header_6_font_size_tablet=&#8220;13px&#8220; header_6_font_size_phone=&#8220;13px&#8220; header_6_font_size_last_edited=&#8220;on|desktop&#8220; global_colors_info=&#8220;{}&#8220; sticky_enabled=&#8220;0&#8243;]<strong>Legal Info<\/strong><\/p>\n<p>Antr\u00e0s Institute<br \/>\nE-Mail: <a href=\"mailto:info@antras-institute.com\">info@antras-institute.com<\/a><br \/>\n<a href=\"tel:\/\/+49-163-869-1359\">+49-171-336-7714<\/a><br \/>\nInternet: www.antras-institute.com<br \/>\nGesch\u00e4ftsf\u00fchrer \/ General Manager: <span>\u00a0Dr. Carlos Antr\u00e0s Sol\u00e9<\/span><\/p>\n<p><strong>Content &amp; Copyright<\/strong><\/p>\n<p>All information on this website has been carefully prepared and checked. However, no guarantee is given and no liability assumed with regard to its accuracy, completeness and current relevance.<br \/>\nThis website and all text and graphics contained therein are protected by copyright. No changes may be made. Written approval must be obtained for this material to be reproduced. Furthermore, no reproductions of this material may be disseminated or distributed publicly.<\/p>\n<p><strong>Picture Credits<\/strong><\/p>\n<p>Pictures: \u00a9 Adobe FireFly; \u00a9 Divi (Elegant Themes)<br \/>\nPeople pictures: \u00a9 Adobe FireFly; \u00a9 Divi (Elegant Themes)<br \/>\nTeam people images: Ceded by themselves<br \/>\nTestimonials images: Ceded by themselves<\/p>\n<p><strong>Cookies<\/strong><\/p>\n<p>Das Hauptcookie, das Google Analytics verwendet, ist &#8222;_ga&#8220;, mit dem Dienste einen Besucher von einem anderen unterscheiden und 2 Jahre dauert. Es wird von allen Websites verwendet, auf denen Google Analytics implementiert ist, einschlie\u00dflich Google Services<\/p>\n<p>We are not interested in determining user behavior or anything like that. Therefore, this website does not use cookies.<\/p>\n<p><strong>Disclaimer<\/strong><\/p>\n<p>The operator of www.heidelberg-institute.de assumes no responsibility for the substance, legality, appropriateness or compliance with copyright regulations of the contents of any website to which a link (URL) is provided on www.heidelberg-institute.de Please contact the data provider in question.<\/p>\n<p>The operator does not guarantee that the URLs in www.heidelberg-institute.de will be accessible or up to date.<\/p>\n<p>The operator expressly draws attention to the fact that it will assume no liability for damages of any kind that can be attributed to the use of www.heidelberg-institute.de other than in the case of gross negligence or deliberate intent by the operator itself.<\/p>\n<p>The same applies to entries that violate current legislation.<\/p>\n<p><strong>Programmierung<\/strong><\/p>\n<p>Exitus Agency<br \/>\n<a href=\"https:\/\/www.exitus.agency\/\" target=\"_blank\" rel=\"noopener\">www.exitus.agency<\/a> | hola@exitus.agency[\/et_pb_text][\/et_pb_column][\/et_pb_row][\/et_pb_section][et_pb_section fb_built=&#8220;1&#8243; admin_label=&#8220;Logo&#8220; _builder_version=&#8220;4.27.2&#8243; _module_preset=&#8220;default&#8220; background_color=&#8220;#03045e&#8220; use_background_color_gradient=&#8220;on&#8220; background_color_gradient_direction=&#8220;65deg&#8220; background_color_gradient_stops=&#8220;#000000 0%|rgba(0,0,0,0) 99%&#8220; background_color_gradient_overlays_image=&#8220;on&#8220; custom_padding=&#8220;0px||0px||false|false&#8220; locked=&#8220;off&#8220; collapsed=&#8220;on&#8220; global_colors_info=&#8220;{%22#03045e%22:%91%22background_color%22,%22background_color%22%93}&#8220;][et_pb_row _builder_version=&#8220;4.27.2&#8243; _module_preset=&#8220;default&#8220; global_colors_info=&#8220;{}&#8220;][et_pb_column type=&#8220;4_4&#8243; _builder_version=&#8220;4.27.2&#8243; _module_preset=&#8220;default&#8220; global_colors_info=&#8220;{}&#8220;][et_pb_image src=&#8220;https:\/\/antras-institute.com\/wp-content\/uploads\/2024\/10\/logo-AI_3a_512x512px.png&#8220; title_text=&#8220;logo AI_3a_512x512px&#8220; align_tablet=&#8220;&#8220; align_phone=&#8220;center&#8220; align_last_edited=&#8220;on|phone&#8220; _builder_version=&#8220;4.27.2&#8243; _module_preset=&#8220;default&#8220; width=&#8220;20%&#8220; width_tablet=&#8220;20%&#8220; width_phone=&#8220;35%&#8220; width_last_edited=&#8220;on|phone&#8220; global_colors_info=&#8220;{}&#8220;][\/et_pb_image][\/et_pb_column][\/et_pb_row][\/et_pb_section]<\/p>\n","protected":false},"excerpt":{"rendered":"<p>En Antr\u00e0s Institute, creemos que la transparencia es la clave para construir relaciones de confianza y \u00e9xito duradero. Descubre c\u00f3mo lideramos con integridad.Legal Info Antr\u00e0s Institute E-Mail: info@antras-institute.com +49-171-336-7714 Internet: www.antras-institute.com Gesch\u00e4ftsf\u00fchrer \/ General Manager: \u00a0Dr. Carlos Antr\u00e0s Sol\u00e9 Content &amp; Copyright All information on this website has been carefully prepared and checked. However, no [&hellip;]<\/p>\n","protected":false},"author":2,"featured_media":0,"parent":0,"menu_order":0,"comment_status":"closed","ping_status":"closed","template":"page-template-blank.php","meta":{"_et_pb_use_builder":"on","_et_pb_old_content":"","_et_gb_content_width":"","footnotes":""},"class_list":["post-46","page","type-page","status-publish","hentry"],"_links":{"self":[{"href":"https:\/\/antras-institute.com\/en\/wp-json\/wp\/v2\/pages\/46","targetHints":{"allow":["GET"]}}],"collection":[{"href":"https:\/\/antras-institute.com\/en\/wp-json\/wp\/v2\/pages"}],"about":[{"href":"https:\/\/antras-institute.com\/en\/wp-json\/wp\/v2\/types\/page"}],"author":[{"embeddable":true,"href":"https:\/\/antras-institute.com\/en\/wp-json\/wp\/v2\/users\/2"}],"replies":[{"embeddable":true,"href":"https:\/\/antras-institute.com\/en\/wp-json\/wp\/v2\/comments?post=46"}],"version-history":[{"count":8,"href":"https:\/\/antras-institute.com\/en\/wp-json\/wp\/v2\/pages\/46\/revisions"}],"predecessor-version":[{"id":972,"href":"https:\/\/antras-institute.com\/en\/wp-json\/wp\/v2\/pages\/46\/revisions\/972"}],"wp:attachment":[{"href":"https:\/\/antras-institute.com\/en\/wp-json\/wp\/v2\/media?parent=46"}],"curies":[{"name":"wp","href":"https:\/\/api.w.org\/{rel}","templated":true}]}}